{"id":460,"date":"2025-12-09T11:23:41","date_gmt":"2025-12-09T11:23:41","guid":{"rendered":"http:\/\/vivrekoroni.fr\/?page_id=460"},"modified":"2025-12-17T06:24:10","modified_gmt":"2025-12-17T06:24:10","slug":"tarifs","status":"publish","type":"page","link":"https:\/\/vivrekoroni.fr\/?page_id=460","title":{"rendered":"Tarifs"},"content":{"rendered":"\t\t<div data-elementor-type=\"wp-page\" data-elementor-id=\"460\" class=\"elementor elementor-460\">\n\t\t\t\t<div class=\"elementor-element elementor-element-daaba1c e-flex e-con-boxed e-con e-parent\" data-id=\"daaba1c\" data-element_type=\"container\">\n\t\t\t\t\t<div class=\"e-con-inner\">\n\t\t\t\t<div class=\"elementor-element elementor-element-cb4d453 elementor-widget elementor-widget-text-editor\" data-id=\"cb4d453\" data-element_type=\"widget\" data-widget_type=\"text-editor.default\">\n\t\t\t\t\t\t\t\t\t<p>Les exp\u00e9riences propos\u00e9es \u00e0 Koroni sont organis\u00e9es en petits groupes (2,3 ou 4 personnes) et reposent sur des rencontres avec des acteurs locaux.<br data-start=\"918\" data-end=\"921\" \/>Les tarifs incluent l\u2019organisation, l\u2019accompagnement et la r\u00e9mun\u00e9ration des intervenants.<\/p>\t\t\t\t\t\t\t\t<\/div>\n\t\t\t\t\t<\/div>\n\t\t\t\t<\/div>\n\t\t<div class=\"elementor-element elementor-element-41881ea e-flex e-con-boxed e-con e-parent\" data-id=\"41881ea\" data-element_type=\"container\">\n\t\t\t\t\t<div class=\"e-con-inner\">\n\t\t\t\t<div class=\"elementor-element elementor-element-5f34619 elementor-widget elementor-widget-heading\" data-id=\"5f34619\" data-element_type=\"widget\" data-widget_type=\"heading.default\">\n\t\t\t\t\t<h2 class=\"elementor-heading-title elementor-size-default\">S\u00e9jour immersion \u2013 2 jours (sans h\u00e9bergement)<\/h2>\t\t\t\t<\/div>\n\t\t\t\t<div class=\"elementor-element elementor-element-bd86544 elementor-widget elementor-widget-text-editor\" data-id=\"bd86544\" data-element_type=\"widget\" data-widget_type=\"text-editor.default\">\n\t\t\t\t\t\t\t\t\t<p>Sur deux jours, vous participez aux principales activit\u00e9s propos\u00e9es \u00e0 Koroni : ramassage des olives selon la saison, visite de la presse \u00e0 huile d\u2019olive, atelier cuisine grecque et visite de la citadelle.<br data-start=\"1668\" data-end=\"1671\" \/>Cette formule s\u2019adresse aux voyageurs d\u00e9j\u00e0 log\u00e9s dans la r\u00e9gion.<\/p>\t\t\t\t\t\t\t\t<\/div>\n\t\t\t\t<div class=\"elementor-element elementor-element-fd5b268 elementor-widget elementor-widget-text-editor\" data-id=\"fd5b268\" data-element_type=\"widget\" data-widget_type=\"text-editor.default\">\n\t\t\t\t\t\t\t\t\t<p>Prix : A partir de 150 euros par personne<\/p>\t\t\t\t\t\t\t\t<\/div>\n\t\t\t\t<div class=\"elementor-element elementor-element-4c5fc53 elementor-widget elementor-widget-button\" data-id=\"4c5fc53\" data-element_type=\"widget\" data-widget_type=\"button.default\">\n\t\t\t\t\t\t\t\t\t\t<a class=\"elementor-button elementor-button-link elementor-size-sm\" href=\"http:\/\/vivrekoroni.fr\/?page_id=116\">\n\t\t\t\t\t\t<span class=\"elementor-button-content-wrapper\">\n\t\t\t\t\t\t\t\t\t<span class=\"elementor-button-text\">Demande d'informations<\/span>\n\t\t\t\t\t<\/span>\n\t\t\t\t\t<\/a>\n\t\t\t\t\t\t\t\t<\/div>\n\t\t<div class=\"elementor-element elementor-element-df5daf3 e-con-full e-flex e-con e-child\" data-id=\"df5daf3\" data-element_type=\"container\">\n\t\t\t\t<div class=\"elementor-element elementor-element-f581a9b elementor-widget elementor-widget-heading\" data-id=\"f581a9b\" data-element_type=\"widget\" data-widget_type=\"heading.default\">\n\t\t\t\t\t<h2 class=\"elementor-heading-title elementor-size-default\">S\u00e9jour immersion \u2013 2 jours \/ 1 nuit<\/h2>\t\t\t\t<\/div>\n\t\t\t\t<div class=\"elementor-element elementor-element-7cbe9e8 elementor-widget elementor-widget-text-editor\" data-id=\"7cbe9e8\" data-element_type=\"widget\" data-widget_type=\"text-editor.default\">\n\t\t\t\t\t\t\t\t\t<p>Cette formule reprend l\u2019ensemble des activit\u00e9s du s\u00e9jour immersion, avec une nuit d\u2019h\u00e9bergement incluse.<br data-start=\"2282\" data-end=\"2285\" \/>Elle permet de vivre l\u2019exp\u00e9rience sans contrainte logistique et \u00e0 un rythme plus d\u00e9tendu.<\/p>\t\t\t\t\t\t\t\t<\/div>\n\t\t\t\t<div class=\"elementor-element elementor-element-84dff52 elementor-widget elementor-widget-text-editor\" data-id=\"84dff52\" data-element_type=\"widget\" data-widget_type=\"text-editor.default\">\n\t\t\t\t\t\t\t\t\t<p>Prix : \u00c0 partir de 200 \u20ac par personne<\/p>\t\t\t\t\t\t\t\t<\/div>\n\t\t\t\t<div class=\"elementor-element elementor-element-69d5ae5 elementor-widget elementor-widget-button\" data-id=\"69d5ae5\" data-element_type=\"widget\" data-widget_type=\"button.default\">\n\t\t\t\t\t\t\t\t\t\t<a class=\"elementor-button elementor-button-link elementor-size-sm\" href=\"http:\/\/vivrekoroni.fr\/?page_id=116\">\n\t\t\t\t\t\t<span class=\"elementor-button-content-wrapper\">\n\t\t\t\t\t\t\t\t\t<span class=\"elementor-button-text\">Demande d'informations<\/span>\n\t\t\t\t\t<\/span>\n\t\t\t\t\t<\/a>\n\t\t\t\t\t\t\t\t<\/div>\n\t\t\t\t<\/div>\n\t\t<div class=\"elementor-element elementor-element-5e9d2a7 e-con-full e-flex e-con e-child\" data-id=\"5e9d2a7\" data-element_type=\"container\">\n\t\t\t\t<div class=\"elementor-element elementor-element-b664092 elementor-widget elementor-widget-heading\" data-id=\"b664092\" data-element_type=\"widget\" data-widget_type=\"heading.default\">\n\t\t\t\t\t<h2 class=\"elementor-heading-title elementor-size-default\">Journ\u00e9e d\u00e9couverte <\/h2>\t\t\t\t<\/div>\n\t\t\t\t<div class=\"elementor-element elementor-element-f2ca9c3 elementor-widget elementor-widget-text-editor\" data-id=\"f2ca9c3\" data-element_type=\"widget\" data-widget_type=\"text-editor.default\">\n\t\t\t\t\t\t\t\t\t<p>Une formule plus courte, id\u00e9ale pour les voyageurs de passage.<br data-start=\"2661\" data-end=\"2664\" \/>Deux activit\u00e9s sont propos\u00e9es sur une journ\u00e9e, selon la p\u00e9riode et les disponibilit\u00e9s.<\/p>\t\t\t\t\t\t\t\t<\/div>\n\t\t\t\t<div class=\"elementor-element elementor-element-de37e73 elementor-widget elementor-widget-text-editor\" data-id=\"de37e73\" data-element_type=\"widget\" data-widget_type=\"text-editor.default\">\n\t\t\t\t\t\t\t\t\t<p>Prix :&nbsp;\u00c0 partir de 85\u20ac par personne<\/p>\t\t\t\t\t\t\t\t<\/div>\n\t\t\t\t<div class=\"elementor-element elementor-element-4a9c98c elementor-widget elementor-widget-button\" data-id=\"4a9c98c\" data-element_type=\"widget\" data-widget_type=\"button.default\">\n\t\t\t\t\t\t\t\t\t\t<a class=\"elementor-button elementor-button-link elementor-size-sm\" href=\"http:\/\/vivrekoroni.fr\/?page_id=116\">\n\t\t\t\t\t\t<span class=\"elementor-button-content-wrapper\">\n\t\t\t\t\t\t\t\t\t<span class=\"elementor-button-text\">Demande d'informations<\/span>\n\t\t\t\t\t<\/span>\n\t\t\t\t\t<\/a>\n\t\t\t\t\t\t\t\t<\/div>\n\t\t\t\t<\/div>\n\t\t\t\t\t<\/div>\n\t\t\t\t<\/div>\n\t\t\t\t<\/div>\n\t\t","protected":false},"excerpt":{"rendered":"<p>Les exp\u00e9riences propos\u00e9es \u00e0 Koroni sont organis\u00e9es en petits groupes (2,3 ou 4 personnes) et reposent sur des rencontres avec des acteurs locaux.Les tarifs incluent l\u2019organisation, l\u2019accompagnement et la r\u00e9mun\u00e9ration des intervenants. S\u00e9jour immersion \u2013 2 jours (sans h\u00e9bergement) Sur deux jours, vous participez aux principales activit\u00e9s propos\u00e9es \u00e0 Koroni : ramassage des olives selon [&hellip;]<\/p>\n","protected":false},"author":1,"featured_media":0,"parent":0,"menu_order":0,"comment_status":"closed","ping_status":"closed","template":"","meta":{"ocean_post_layout":"full-screen","ocean_both_sidebars_style":"","ocean_both_sidebars_content_width":0,"ocean_both_sidebars_sidebars_width":0,"ocean_sidebar":"","ocean_second_sidebar":"","ocean_disable_margins":"enable","ocean_add_body_class":"","ocean_shortcode_before_top_bar":"","ocean_shortcode_after_top_bar":"","ocean_shortcode_before_header":"","ocean_shortcode_after_header":"","ocean_has_shortcode":"","ocean_shortcode_after_title":"","ocean_shortcode_before_footer_widgets":"","ocean_shortcode_after_footer_widgets":"","ocean_shortcode_before_footer_bottom":"","ocean_shortcode_after_footer_bottom":"","ocean_display_top_bar":"default","ocean_display_header":"default","ocean_header_style":"","ocean_center_header_left_menu":"","ocean_custom_header_template":"","ocean_custom_logo":0,"ocean_custom_retina_logo":0,"ocean_custom_logo_max_width":0,"ocean_custom_logo_tablet_max_width":0,"ocean_custom_logo_mobile_max_width":0,"ocean_custom_logo_max_height":0,"ocean_custom_logo_tablet_max_height":0,"ocean_custom_logo_mobile_max_height":0,"ocean_header_custom_menu":"","ocean_menu_typo_font_family":"","ocean_menu_typo_font_subset":"","ocean_menu_typo_font_size":0,"ocean_menu_typo_font_size_tablet":0,"ocean_menu_typo_font_size_mobile":0,"ocean_menu_typo_font_size_unit":"px","ocean_menu_typo_font_weight":"","ocean_menu_typo_font_weight_tablet":"","ocean_menu_typo_font_weight_mobile":"","ocean_menu_typo_transform":"","ocean_menu_typo_transform_tablet":"","ocean_menu_typo_transform_mobile":"","ocean_menu_typo_line_height":0,"ocean_menu_typo_line_height_tablet":0,"ocean_menu_typo_line_height_mobile":0,"ocean_menu_typo_line_height_unit":"","ocean_menu_typo_spacing":0,"ocean_menu_typo_spacing_tablet":0,"ocean_menu_typo_spacing_mobile":0,"ocean_menu_typo_spacing_unit":"","ocean_menu_link_color":"","ocean_menu_link_color_hover":"","ocean_menu_link_color_active":"","ocean_menu_link_background":"","ocean_menu_link_hover_background":"","ocean_menu_link_active_background":"","ocean_menu_social_links_bg":"","ocean_menu_social_hover_links_bg":"","ocean_menu_social_links_color":"","ocean_menu_social_hover_links_color":"","ocean_disable_title":"default","ocean_disable_heading":"default","ocean_post_title":"","ocean_post_subheading":"","ocean_post_title_style":"","ocean_post_title_background_color":"","ocean_post_title_background":0,"ocean_post_title_bg_image_position":"","ocean_post_title_bg_image_attachment":"","ocean_post_title_bg_image_repeat":"","ocean_post_title_bg_image_size":"","ocean_post_title_height":0,"ocean_post_title_bg_overlay":0.5,"ocean_post_title_bg_overlay_color":"","ocean_disable_breadcrumbs":"default","ocean_breadcrumbs_color":"","ocean_breadcrumbs_separator_color":"","ocean_breadcrumbs_links_color":"","ocean_breadcrumbs_links_hover_color":"","ocean_display_footer_widgets":"default","ocean_display_footer_bottom":"default","ocean_custom_footer_template":"","footnotes":""},"class_list":["post-460","page","type-page","status-publish","hentry","entry"],"_links":{"self":[{"href":"https:\/\/vivrekoroni.fr\/index.php?rest_route=\/wp\/v2\/pages\/460","targetHints":{"allow":["GET"]}}],"collection":[{"href":"https:\/\/vivrekoroni.fr\/index.php?rest_route=\/wp\/v2\/pages"}],"about":[{"href":"https:\/\/vivrekoroni.fr\/index.php?rest_route=\/wp\/v2\/types\/page"}],"author":[{"embeddable":true,"href":"https:\/\/vivrekoroni.fr\/index.php?rest_route=\/wp\/v2\/users\/1"}],"replies":[{"embeddable":true,"href":"https:\/\/vivrekoroni.fr\/index.php?rest_route=%2Fwp%2Fv2%2Fcomments&post=460"}],"version-history":[{"count":11,"href":"https:\/\/vivrekoroni.fr\/index.php?rest_route=\/wp\/v2\/pages\/460\/revisions"}],"predecessor-version":[{"id":657,"href":"https:\/\/vivrekoroni.fr\/index.php?rest_route=\/wp\/v2\/pages\/460\/revisions\/657"}],"wp:attachment":[{"href":"https:\/\/vivrekoroni.fr\/index.php?rest_route=%2Fwp%2Fv2%2Fmedia&parent=460"}],"curies":[{"name":"wp","href":"https:\/\/api.w.org\/{rel}","templated":true}]}}