{"id":36,"date":"2025-11-26T21:18:01","date_gmt":"2025-11-26T21:18:01","guid":{"rendered":"http:\/\/vivrekoroni.fr\/?page_id=36"},"modified":"2025-12-16T19:37:26","modified_gmt":"2025-12-16T19:37:26","slug":"a-propos","status":"publish","type":"page","link":"https:\/\/vivrekoroni.fr\/?page_id=36","title":{"rendered":"\u00c0 propos"},"content":{"rendered":"\t\t<div data-elementor-type=\"wp-page\" data-elementor-id=\"36\" class=\"elementor elementor-36\">\n\t\t\t\t<div class=\"elementor-element elementor-element-690c296 e-flex e-con-boxed e-con e-parent\" data-id=\"690c296\" data-element_type=\"container\">\n\t\t\t\t\t<div class=\"e-con-inner\">\n\t\t<div class=\"elementor-element elementor-element-6f968c7 e-con-full e-flex e-con e-child\" data-id=\"6f968c7\" data-element_type=\"container\">\n\t\t\t\t<div class=\"elementor-element elementor-element-4b2c27d elementor-absolute elementor-hidden-tablet elementor-hidden-mobile elementor-widget elementor-widget-image\" data-id=\"4b2c27d\" data-element_type=\"widget\" data-settings=\"{&quot;_position&quot;:&quot;absolute&quot;}\" data-widget_type=\"image.default\">\n\t\t\t\t\t\t\t\t\t\t\t\t\t\t\t<img fetchpriority=\"high\" decoding=\"async\" width=\"576\" height=\"1024\" src=\"https:\/\/vivrekoroni.fr\/wp-content\/uploads\/2025\/12\/23C08D4A-E540-48AA-A143-B6F7C3F68B3E-576x1024.jpeg\" class=\"attachment-large size-large wp-image-478\" alt=\"\" srcset=\"https:\/\/vivrekoroni.fr\/wp-content\/uploads\/2025\/12\/23C08D4A-E540-48AA-A143-B6F7C3F68B3E-576x1024.jpeg 576w, https:\/\/vivrekoroni.fr\/wp-content\/uploads\/2025\/12\/23C08D4A-E540-48AA-A143-B6F7C3F68B3E-169x300.jpeg 169w, https:\/\/vivrekoroni.fr\/wp-content\/uploads\/2025\/12\/23C08D4A-E540-48AA-A143-B6F7C3F68B3E-768x1365.jpeg 768w, https:\/\/vivrekoroni.fr\/wp-content\/uploads\/2025\/12\/23C08D4A-E540-48AA-A143-B6F7C3F68B3E-864x1536.jpeg 864w, https:\/\/vivrekoroni.fr\/wp-content\/uploads\/2025\/12\/23C08D4A-E540-48AA-A143-B6F7C3F68B3E-1152x2048.jpeg 1152w, https:\/\/vivrekoroni.fr\/wp-content\/uploads\/2025\/12\/23C08D4A-E540-48AA-A143-B6F7C3F68B3E-scaled.jpeg 1440w\" sizes=\"(max-width: 576px) 100vw, 576px\" \/>\t\t\t\t\t\t\t\t\t\t\t\t\t\t\t<\/div>\n\t\t\t\t<div class=\"elementor-element elementor-element-9ee94d7 e-transform e-transform elementor-hidden-tablet elementor-hidden-mobile elementor-widget elementor-widget-text-editor\" data-id=\"9ee94d7\" data-element_type=\"widget\" data-settings=\"{&quot;_transform_translateX_effect&quot;:{&quot;unit&quot;:&quot;px&quot;,&quot;size&quot;:76,&quot;sizes&quot;:[]},&quot;_transform_scale_effect&quot;:{&quot;unit&quot;:&quot;px&quot;,&quot;size&quot;:0.8,&quot;sizes&quot;:[]},&quot;_transform_translateX_effect_tablet&quot;:{&quot;unit&quot;:&quot;px&quot;,&quot;size&quot;:&quot;&quot;,&quot;sizes&quot;:[]},&quot;_transform_translateX_effect_mobile&quot;:{&quot;unit&quot;:&quot;px&quot;,&quot;size&quot;:&quot;&quot;,&quot;sizes&quot;:[]},&quot;_transform_translateY_effect&quot;:{&quot;unit&quot;:&quot;px&quot;,&quot;size&quot;:&quot;&quot;,&quot;sizes&quot;:[]},&quot;_transform_translateY_effect_tablet&quot;:{&quot;unit&quot;:&quot;px&quot;,&quot;size&quot;:&quot;&quot;,&quot;sizes&quot;:[]},&quot;_transform_translateY_effect_mobile&quot;:{&quot;unit&quot;:&quot;px&quot;,&quot;size&quot;:&quot;&quot;,&quot;sizes&quot;:[]},&quot;_transform_scale_effect_tablet&quot;:{&quot;unit&quot;:&quot;px&quot;,&quot;size&quot;:&quot;&quot;,&quot;sizes&quot;:[]},&quot;_transform_scale_effect_mobile&quot;:{&quot;unit&quot;:&quot;px&quot;,&quot;size&quot;:&quot;&quot;,&quot;sizes&quot;:[]}}\" data-widget_type=\"text-editor.default\">\n\t\t\t\t\t\t\t\t\t<h1 style=\"text-align: center;\">Je m&rsquo;appelle Ad\u00e8le. Originaire du Nord de la France, j&rsquo;\u00e9tais tout petite quand mes parents m&rsquo;ont fait d\u00e9couvrir la Gr\u00e8ce et Koroni. Nous y sommes revenus plusieurs fois, et\u00a0 je m&rsquo;y suis finalement install\u00e9e il y a cinq ans. Un caf\u00e9 partag\u00e9, un \u00ab\u00a0kalimera\u00a0\u00bb depuis une fen\u00eatre voisine, l&rsquo;odeur de plats grecs au d\u00e9tour d&rsquo;une ruelle : j&rsquo;ai appris \u00e0 regarder la vie de plus pr\u00e8s. Tout cela ne serait pas sans les gens qui vivent ici, qui m&rsquo;ont fait d\u00e9couvrir cette mani\u00e8re qu&rsquo;ils ont de vivre. Il n&rsquo;existe pas de plus beau voyage que celui qui vous immerge dans une nouvelle culture. C&rsquo;est cela que je veux partager \u00e0 travers ce projet m\u00ealant agrotourisme, cuisine et histoire.\u00a0<\/h1>\t\t\t\t\t\t\t\t<\/div>\n\t\t\t\t<\/div>\n\t\t\t\t\t<\/div>\n\t\t\t\t<\/div>\n\t\t\t\t<\/div>\n\t\t","protected":false},"excerpt":{"rendered":"<p>Je m&rsquo;appelle Ad\u00e8le. Originaire du Nord de la France, j&rsquo;\u00e9tais tout petite quand mes parents m&rsquo;ont fait d\u00e9couvrir la Gr\u00e8ce et Koroni. Nous y sommes revenus plusieurs fois, et\u00a0 je m&rsquo;y suis finalement install\u00e9e il y a cinq ans. Un caf\u00e9 partag\u00e9, un \u00ab\u00a0kalimera\u00a0\u00bb depuis une fen\u00eatre voisine, l&rsquo;odeur de plats grecs au d\u00e9tour d&rsquo;une [&hellip;]<\/p>\n","protected":false},"author":1,"featured_media":0,"parent":0,"menu_order":0,"comment_status":"closed","ping_status":"closed","template":"","meta":{"ocean_post_layout":"full-screen","ocean_both_sidebars_style":"","ocean_both_sidebars_content_width":0,"ocean_both_sidebars_sidebars_width":0,"ocean_sidebar":"","ocean_second_sidebar":"","ocean_disable_margins":"enable","ocean_add_body_class":"","ocean_shortcode_before_top_bar":"","ocean_shortcode_after_top_bar":"","ocean_shortcode_before_header":"","ocean_shortcode_after_header":"","ocean_has_shortcode":"","ocean_shortcode_after_title":"","ocean_shortcode_before_footer_widgets":"","ocean_shortcode_after_footer_widgets":"","ocean_shortcode_before_footer_bottom":"","ocean_shortcode_after_footer_bottom":"","ocean_display_top_bar":"default","ocean_display_header":"default","ocean_header_style":"","ocean_center_header_left_menu":"","ocean_custom_header_template":"","ocean_custom_logo":0,"ocean_custom_retina_logo":0,"ocean_custom_logo_max_width":0,"ocean_custom_logo_tablet_max_width":0,"ocean_custom_logo_mobile_max_width":0,"ocean_custom_logo_max_height":0,"ocean_custom_logo_tablet_max_height":0,"ocean_custom_logo_mobile_max_height":0,"ocean_header_custom_menu":"","ocean_menu_typo_font_family":"","ocean_menu_typo_font_subset":"","ocean_menu_typo_font_size":0,"ocean_menu_typo_font_size_tablet":0,"ocean_menu_typo_font_size_mobile":0,"ocean_menu_typo_font_size_unit":"px","ocean_menu_typo_font_weight":"","ocean_menu_typo_font_weight_tablet":"","ocean_menu_typo_font_weight_mobile":"","ocean_menu_typo_transform":"","ocean_menu_typo_transform_tablet":"","ocean_menu_typo_transform_mobile":"","ocean_menu_typo_line_height":0,"ocean_menu_typo_line_height_tablet":0,"ocean_menu_typo_line_height_mobile":0,"ocean_menu_typo_line_height_unit":"","ocean_menu_typo_spacing":0,"ocean_menu_typo_spacing_tablet":0,"ocean_menu_typo_spacing_mobile":0,"ocean_menu_typo_spacing_unit":"","ocean_menu_link_color":"","ocean_menu_link_color_hover":"","ocean_menu_link_color_active":"","ocean_menu_link_background":"","ocean_menu_link_hover_background":"","ocean_menu_link_active_background":"","ocean_menu_social_links_bg":"","ocean_menu_social_hover_links_bg":"","ocean_menu_social_links_color":"","ocean_menu_social_hover_links_color":"","ocean_disable_title":"default","ocean_disable_heading":"default","ocean_post_title":"","ocean_post_subheading":"","ocean_post_title_style":"","ocean_post_title_background_color":"","ocean_post_title_background":0,"ocean_post_title_bg_image_position":"","ocean_post_title_bg_image_attachment":"","ocean_post_title_bg_image_repeat":"","ocean_post_title_bg_image_size":"","ocean_post_title_height":0,"ocean_post_title_bg_overlay":0.5,"ocean_post_title_bg_overlay_color":"","ocean_disable_breadcrumbs":"default","ocean_breadcrumbs_color":"","ocean_breadcrumbs_separator_color":"","ocean_breadcrumbs_links_color":"","ocean_breadcrumbs_links_hover_color":"","ocean_display_footer_widgets":"default","ocean_display_footer_bottom":"default","ocean_custom_footer_template":"","footnotes":""},"class_list":["post-36","page","type-page","status-publish","hentry","entry"],"_links":{"self":[{"href":"https:\/\/vivrekoroni.fr\/index.php?rest_route=\/wp\/v2\/pages\/36","targetHints":{"allow":["GET"]}}],"collection":[{"href":"https:\/\/vivrekoroni.fr\/index.php?rest_route=\/wp\/v2\/pages"}],"about":[{"href":"https:\/\/vivrekoroni.fr\/index.php?rest_route=\/wp\/v2\/types\/page"}],"author":[{"embeddable":true,"href":"https:\/\/vivrekoroni.fr\/index.php?rest_route=\/wp\/v2\/users\/1"}],"replies":[{"embeddable":true,"href":"https:\/\/vivrekoroni.fr\/index.php?rest_route=%2Fwp%2Fv2%2Fcomments&post=36"}],"version-history":[{"count":8,"href":"https:\/\/vivrekoroni.fr\/index.php?rest_route=\/wp\/v2\/pages\/36\/revisions"}],"predecessor-version":[{"id":618,"href":"https:\/\/vivrekoroni.fr\/index.php?rest_route=\/wp\/v2\/pages\/36\/revisions\/618"}],"wp:attachment":[{"href":"https:\/\/vivrekoroni.fr\/index.php?rest_route=%2Fwp%2Fv2%2Fmedia&parent=36"}],"curies":[{"name":"wp","href":"https:\/\/api.w.org\/{rel}","templated":true}]}}